{"id":1184,"date":"2017-07-04T18:05:57","date_gmt":"2017-07-04T16:05:57","guid":{"rendered":"http:\/\/beta.igoriatrade.com\/?page_id=1015"},"modified":"2025-09-10T15:09:48","modified_gmt":"2025-09-10T13:09:48","slug":"our-team","status":"publish","type":"page","link":"https:\/\/www.igoriatrade.com\/en\/our-team\/","title":{"rendered":"Our team"},"content":{"rendered":"<div class=\"uk-container uk-container-center\">\n<h3 class=\"uk-text-uppercase uk-text-bold uk-margin-top\">Our team<\/h3>\n<div class=\"uk-grid uk-margin-large-bottom uk-margin-large-top\">\n<div class=\"uk-width-medium-1-3 uk-text-center uk-margin-large-bottom\"><img decoding=\"async\" src=\"\/wp-content\/uploads\/2017\/05\/WojciechKulinski.jpg\"><\/div>\n<div class=\"uk-width-medium-2-3\">\n<h5 class=\"uk-text-uppercase uk-margin-remove uk-text-bold\">Wojciech Kuli\u0144ski<\/h5>\n<p><i>Chief Executive Officer<\/i><\/p>\n<p class=\"uk-text-muted\">Chairman of the Board Igoria Trade SA which is the owner of Trejdoo.com and IgoriaCard trading platforms.<\/p>\n<p class=\"uk-text-muted\">Graduate Kozminski University in Warsaw, the Warsaw School of Economics and Maria Sklodowska-Curie University in Lublin.<\/p>\n<p class=\"uk-text-muted\">He has more that twenty years\u2019 experience in the capital market and financial services sector. For a period of ten years he was the executive in the IT departments, Middle Office and Operations at Deutsche Bank. He was responsible for numerous domestic and international projects of business and technology, including new financial products launching on the market.<\/p>\n<\/div>\n<\/div>\n<hr>\n<div class=\"uk-grid uk-margin-large-bottom\">\n<div class=\"uk-width-medium-1-3 uk-push-2-3 uk-text-center uk-margin-large-bottom\">\n<p><img decoding=\"async\" src=\"\/wp-content\/uploads\/2018\/03\/00-PJ.jpg\" width=\"364\"><\/p>\n<\/div>\n<div class=\"uk-width-medium-2-3 uk-pull-1-3\">\n<h5 class=\"uk-text-uppercase uk-margin-remove uk-text-bold\">Pawe\u0142 Jagie\u0142\u0142o<\/h5>\n<p><i>Head of Marketing<\/i><\/p>\n<p class=\"uk-text-muted\">Experienced advertising professional, communication strategist, working in marketing since 2003 for top agencies of Omnicom Group and Interpublic Group of Companies worldwide holdings. Extensive experience gathered working for selected branches: financial services (ING Bank \u015al\u0105ski, Nationale-Nederlanden, Union Investment), telecommunication (PTC ERA \/ T-Mobile subsidiary), retail (Decathlon, OBI, CCC), energy (PKN Orlen, Energa S.A.) and serial advisor to political campaigns.<\/p>\n<\/div>\n<\/div>\n<hr>\n<div class=\"uk-grid uk-margin-large-bottom\">\n<div class=\"uk-width-medium-1-3 uk-text-center uk-margin-large-bottom\"><img decoding=\"async\" src=\"\/wp-content\/uploads\/2017\/05\/07-ND.jpg\" width=\"364\"><\/div>\n<div class=\"uk-width-medium-2-3\">\n<h5 class=\"uk-text-uppercase uk-margin-remove uk-text-bold\">Natalia D\u0105browska<\/h5>\n<p><i>Business Development Specialist<\/i><\/p>\n<p class=\"uk-text-muted\">Graduate of the Faculty of Management at the University of Warsaw as well as the Warsaw School of Economics in Finance and accounting.<\/p>\n<p class=\"uk-text-muted\">Natalia D\u0105browska has been involved in the fund industry in Europe since 2012. Her current working experience reflects her background in consulting, where she worked with clients in the FinTech industry on determining project concepts and budgets, as well as comprehensive competition documentation.<\/p>\n<p class=\"uk-text-muted\">In Igoria Trade S.A., Natalia D\u0105browska Is involved in projects involving the development of new products introduced into the market.<\/p>\n<\/div>\n<\/div>\n<hr>\n<div class=\"uk-grid uk-margin-large-bottom\">\n<div class=\"uk-width-medium-1-3 uk-push-2-3 uk-text-center uk-margin-large-bottom\"><img decoding=\"async\" src=\"\/wp-content\/uploads\/2019\/07\/10JM.jpg\" width=\"364\"><\/div>\n<div class=\"uk-width-medium-2-3 uk-pull-1-3\">\n<h5 class=\"uk-text-uppercase uk-margin-remove uk-text-bold\">Joanna Siwiec<\/h5>\n<p><i>Head of Operations and Cards<\/i><\/p>\n<p class=\"uk-text-muted\">Graduate of the Warsaw Higher Insurance and Banking School (now: Finance Academy)<br \/>\nHead of Operations and Cards at Igoria Trade S.A. responsible for management of the Team dealing with payments, cards, customer service and claims. Joanna has over 25 years of experience and practice in banking area, mainly in Cash Management products and over 10 years of Department\u2019s Management. Experienced in Project Teams\u2019 work and training.<\/p>\n<\/div>\n<\/div>\n<hr>\n<div class=\"uk-grid uk-margin-large-bottom\">\n<div class=\"uk-width-medium-1-3 uk-text-center uk-margin-large-bottom\"><img decoding=\"async\" src=\"\/wp-content\/uploads\/2017\/05\/09-BK.jpg\" width=\"364\"><\/div>\n<div class=\"uk-width-medium-2-3\">\n<h5 class=\"uk-text-uppercase uk-margin-remove uk-text-bold\">Benedykt Karcz<\/h5>\n<p><i>Head of Trading Department<\/i><\/p>\n<p class=\"uk-text-muted\">Graduate of the Faculty of Economics at Radom Technical University.<\/p>\n<p class=\"uk-text-muted\">Benedykt Karcz has over 10 years of experience in management control systems, financial analysis, sales aids, and financial market transactions. He has a passion for trading and sales, which led to his working at Igoria Trade S.A. where he is responsible for the Trading Department. Today, he conducts sales activities and participates in product development and business projects.<\/p>\n<\/div>\n<\/div>\n<\/div>\n","protected":false},"excerpt":{"rendered":"<p>Our team Wojciech Kuli\u0144ski Chief Executive Officer Chairman of the Board Igoria Trade SA which is the owner of Trejdoo.com and IgoriaCard trading platforms. Graduate Kozminski University in Warsaw, the Warsaw School of Economics and Maria Sklodowska-Curie University in Lublin. He has more that twenty years\u2019 experience in the capital market and financial services sector. [&hellip;]<\/p>\n","protected":false},"author":1,"featured_media":280,"parent":0,"menu_order":0,"comment_status":"closed","ping_status":"closed","template":"page-common.php","meta":{"_monsterinsights_skip_tracking":false,"_monsterinsights_sitenote_active":false,"_monsterinsights_sitenote_note":"","_monsterinsights_sitenote_category":0,"footnotes":""},"class_list":["post-1184","page","type-page","status-publish","has-post-thumbnail","hentry"],"yoast_head":"<!-- This site is optimized with the Yoast SEO plugin v26.8 - https:\/\/yoast.com\/product\/yoast-seo-wordpress\/ -->\n<title>Our team - Igoria Trade S.A. EN<\/title>\n<meta name=\"robots\" content=\"index, follow, max-snippet:-1, max-image-preview:large, max-video-preview:-1\" \/>\n<link rel=\"canonical\" href=\"https:\/\/www.igoriatrade.com\/en\/our-team\/\" \/>\n<meta property=\"og:locale\" content=\"en_GB\" \/>\n<meta property=\"og:type\" content=\"article\" \/>\n<meta property=\"og:title\" content=\"Our team - Igoria Trade S.A. EN\" \/>\n<meta property=\"og:description\" content=\"Our team Wojciech Kuli\u0144ski Chief Executive Officer Chairman of the Board Igoria Trade SA which is the owner of Trejdoo.com and IgoriaCard trading platforms. Graduate Kozminski University in Warsaw, the Warsaw School of Economics and Maria Sklodowska-Curie University in Lublin. He has more that twenty years\u2019 experience in the capital market and financial services sector. [&hellip;]\" \/>\n<meta property=\"og:url\" content=\"https:\/\/www.igoriatrade.com\/en\/our-team\/\" \/>\n<meta property=\"og:site_name\" content=\"Igoria Trade S.A. EN\" \/>\n<meta property=\"article:publisher\" content=\"https:\/\/www.facebook.com\/igoriatrade\/\" \/>\n<meta property=\"article:modified_time\" content=\"2025-09-10T13:09:48+00:00\" \/>\n<meta property=\"og:image\" content=\"https:\/\/www.igoriatrade.com\/en\/wp-content\/uploads\/sites\/2\/2017\/05\/firma.jpg\" \/>\n\t<meta property=\"og:image:width\" content=\"1720\" \/>\n\t<meta property=\"og:image:height\" content=\"651\" \/>\n\t<meta property=\"og:image:type\" content=\"image\/jpeg\" \/>\n<meta name=\"twitter:card\" content=\"summary_large_image\" \/>\n<meta name=\"twitter:site\" content=\"@igoriatrade\" \/>\n<meta name=\"twitter:label1\" content=\"Estimated reading time\" \/>\n\t<meta name=\"twitter:data1\" content=\"2 minutes\" \/>\n<script type=\"application\/ld+json\" class=\"yoast-schema-graph\">{\"@context\":\"https:\/\/schema.org\",\"@graph\":[{\"@type\":\"WebPage\",\"@id\":\"https:\/\/www.igoriatrade.com\/en\/our-team\/\",\"url\":\"https:\/\/www.igoriatrade.com\/en\/our-team\/\",\"name\":\"Our team - Igoria Trade S.A. EN\",\"isPartOf\":{\"@id\":\"https:\/\/www.igoriatrade.com\/en\/#website\"},\"primaryImageOfPage\":{\"@id\":\"https:\/\/www.igoriatrade.com\/en\/our-team\/#primaryimage\"},\"image\":{\"@id\":\"https:\/\/www.igoriatrade.com\/en\/our-team\/#primaryimage\"},\"thumbnailUrl\":\"https:\/\/www.igoriatrade.com\/en\/wp-content\/uploads\/sites\/2\/2017\/05\/firma.jpg\",\"datePublished\":\"2017-07-04T16:05:57+00:00\",\"dateModified\":\"2025-09-10T13:09:48+00:00\",\"breadcrumb\":{\"@id\":\"https:\/\/www.igoriatrade.com\/en\/our-team\/#breadcrumb\"},\"inLanguage\":\"en-GB\",\"potentialAction\":[{\"@type\":\"ReadAction\",\"target\":[\"https:\/\/www.igoriatrade.com\/en\/our-team\/\"]}]},{\"@type\":\"ImageObject\",\"inLanguage\":\"en-GB\",\"@id\":\"https:\/\/www.igoriatrade.com\/en\/our-team\/#primaryimage\",\"url\":\"https:\/\/www.igoriatrade.com\/en\/wp-content\/uploads\/sites\/2\/2017\/05\/firma.jpg\",\"contentUrl\":\"https:\/\/www.igoriatrade.com\/en\/wp-content\/uploads\/sites\/2\/2017\/05\/firma.jpg\",\"width\":1720,\"height\":651},{\"@type\":\"BreadcrumbList\",\"@id\":\"https:\/\/www.igoriatrade.com\/en\/our-team\/#breadcrumb\",\"itemListElement\":[{\"@type\":\"ListItem\",\"position\":1,\"name\":\"Strona g\u0142\u00f3wna\",\"item\":\"https:\/\/www.igoriatrade.com\/en\/\"},{\"@type\":\"ListItem\",\"position\":2,\"name\":\"Our team\"}]},{\"@type\":\"WebSite\",\"@id\":\"https:\/\/www.igoriatrade.com\/en\/#website\",\"url\":\"https:\/\/www.igoriatrade.com\/en\/\",\"name\":\"Igoria Trade S.A. EN\",\"description\":\"\",\"potentialAction\":[{\"@type\":\"SearchAction\",\"target\":{\"@type\":\"EntryPoint\",\"urlTemplate\":\"https:\/\/www.igoriatrade.com\/en\/?s={search_term_string}\"},\"query-input\":{\"@type\":\"PropertyValueSpecification\",\"valueRequired\":true,\"valueName\":\"search_term_string\"}}],\"inLanguage\":\"en-GB\"}]}<\/script>\n<!-- \/ Yoast SEO plugin. -->","yoast_head_json":{"title":"Our team - Igoria Trade S.A. EN","robots":{"index":"index","follow":"follow","max-snippet":"max-snippet:-1","max-image-preview":"max-image-preview:large","max-video-preview":"max-video-preview:-1"},"canonical":"https:\/\/www.igoriatrade.com\/en\/our-team\/","og_locale":"en_GB","og_type":"article","og_title":"Our team - Igoria Trade S.A. EN","og_description":"Our team Wojciech Kuli\u0144ski Chief Executive Officer Chairman of the Board Igoria Trade SA which is the owner of Trejdoo.com and IgoriaCard trading platforms. Graduate Kozminski University in Warsaw, the Warsaw School of Economics and Maria Sklodowska-Curie University in Lublin. He has more that twenty years\u2019 experience in the capital market and financial services sector. [&hellip;]","og_url":"https:\/\/www.igoriatrade.com\/en\/our-team\/","og_site_name":"Igoria Trade S.A. EN","article_publisher":"https:\/\/www.facebook.com\/igoriatrade\/","article_modified_time":"2025-09-10T13:09:48+00:00","og_image":[{"width":1720,"height":651,"url":"https:\/\/www.igoriatrade.com\/en\/wp-content\/uploads\/sites\/2\/2017\/05\/firma.jpg","type":"image\/jpeg"}],"twitter_card":"summary_large_image","twitter_site":"@igoriatrade","twitter_misc":{"Estimated reading time":"2 minutes"},"schema":{"@context":"https:\/\/schema.org","@graph":[{"@type":"WebPage","@id":"https:\/\/www.igoriatrade.com\/en\/our-team\/","url":"https:\/\/www.igoriatrade.com\/en\/our-team\/","name":"Our team - Igoria Trade S.A. EN","isPartOf":{"@id":"https:\/\/www.igoriatrade.com\/en\/#website"},"primaryImageOfPage":{"@id":"https:\/\/www.igoriatrade.com\/en\/our-team\/#primaryimage"},"image":{"@id":"https:\/\/www.igoriatrade.com\/en\/our-team\/#primaryimage"},"thumbnailUrl":"https:\/\/www.igoriatrade.com\/en\/wp-content\/uploads\/sites\/2\/2017\/05\/firma.jpg","datePublished":"2017-07-04T16:05:57+00:00","dateModified":"2025-09-10T13:09:48+00:00","breadcrumb":{"@id":"https:\/\/www.igoriatrade.com\/en\/our-team\/#breadcrumb"},"inLanguage":"en-GB","potentialAction":[{"@type":"ReadAction","target":["https:\/\/www.igoriatrade.com\/en\/our-team\/"]}]},{"@type":"ImageObject","inLanguage":"en-GB","@id":"https:\/\/www.igoriatrade.com\/en\/our-team\/#primaryimage","url":"https:\/\/www.igoriatrade.com\/en\/wp-content\/uploads\/sites\/2\/2017\/05\/firma.jpg","contentUrl":"https:\/\/www.igoriatrade.com\/en\/wp-content\/uploads\/sites\/2\/2017\/05\/firma.jpg","width":1720,"height":651},{"@type":"BreadcrumbList","@id":"https:\/\/www.igoriatrade.com\/en\/our-team\/#breadcrumb","itemListElement":[{"@type":"ListItem","position":1,"name":"Strona g\u0142\u00f3wna","item":"https:\/\/www.igoriatrade.com\/en\/"},{"@type":"ListItem","position":2,"name":"Our team"}]},{"@type":"WebSite","@id":"https:\/\/www.igoriatrade.com\/en\/#website","url":"https:\/\/www.igoriatrade.com\/en\/","name":"Igoria Trade S.A. EN","description":"","potentialAction":[{"@type":"SearchAction","target":{"@type":"EntryPoint","urlTemplate":"https:\/\/www.igoriatrade.com\/en\/?s={search_term_string}"},"query-input":{"@type":"PropertyValueSpecification","valueRequired":true,"valueName":"search_term_string"}}],"inLanguage":"en-GB"}]}},"_links":{"self":[{"href":"https:\/\/www.igoriatrade.com\/en\/wp-json\/wp\/v2\/pages\/1184","targetHints":{"allow":["GET"]}}],"collection":[{"href":"https:\/\/www.igoriatrade.com\/en\/wp-json\/wp\/v2\/pages"}],"about":[{"href":"https:\/\/www.igoriatrade.com\/en\/wp-json\/wp\/v2\/types\/page"}],"author":[{"embeddable":true,"href":"https:\/\/www.igoriatrade.com\/en\/wp-json\/wp\/v2\/users\/1"}],"replies":[{"embeddable":true,"href":"https:\/\/www.igoriatrade.com\/en\/wp-json\/wp\/v2\/comments?post=1184"}],"version-history":[{"count":22,"href":"https:\/\/www.igoriatrade.com\/en\/wp-json\/wp\/v2\/pages\/1184\/revisions"}],"predecessor-version":[{"id":1629,"href":"https:\/\/www.igoriatrade.com\/en\/wp-json\/wp\/v2\/pages\/1184\/revisions\/1629"}],"wp:featuredmedia":[{"embeddable":true,"href":"https:\/\/www.igoriatrade.com\/en\/wp-json\/wp\/v2\/media\/280"}],"wp:attachment":[{"href":"https:\/\/www.igoriatrade.com\/en\/wp-json\/wp\/v2\/media?parent=1184"}],"curies":[{"name":"wp","href":"https:\/\/api.w.org\/{rel}","templated":true}]}}