{"id":328,"date":"2017-06-05T12:03:39","date_gmt":"2017-06-05T10:03:39","guid":{"rendered":"http:\/\/beta.igoriatrade.com\/?page_id=328"},"modified":"2017-07-10T10:52:04","modified_gmt":"2017-07-10T08:52:04","slug":"trejdoo","status":"publish","type":"page","link":"https:\/\/www.igoriatrade.com\/en\/trejdoo\/","title":{"rendered":"Trejdoo"},"content":{"rendered":"<div class=\"ic-padding-bottom\" style=\"position: relative; top: -96px; background-image: url('\/wp-content\/uploads\/2017\/06\/city.jpg'); background-size: cover; padding-top: 200px;\">\n<div class=\"uk-margin-large-top ic-padding-large-top ic-padding-large-bottom uk-margin-large-bottom\" style=\"background-color: rgba(255,255,255,0.6);\"><img loading=\"lazy\" decoding=\"async\" class=\"aligncenter size-full wp-image-743\" src=\"\/wp-content\/uploads\/2017\/06\/trejdoo.png\" alt=\"\" width=\"366\" height=\"104\" \/><\/p>\n<h3 class=\"uk-text-center uk-margin-remove ic-text-light\">Online currency exchange platform<\/h3>\n<\/div>\n<div class=\"uk-text-center uk-contrast\"><a class=\"uk-button uk-button-large\" href=\"http:\/\/www.trejdoo.com\" target=\"_blank\">Explore Trejdoo.com<\/a><\/div>\n<div class=\"scroll-white uk-hidden-small uk-margin-bottom uk-margin-large-top\"><\/div>\n<\/div>\n<div class=\"card-2 ic-padding-top ic-padding-bottom uk-margin-bottom\" style=\"margin-top: -80px; background-color: #323d69;\">\n<div class=\"uk-contrast uk-container uk-container-center\">\n<h2 class=\"ic-text-light\">The Trejdoo financial platform &#8211;&nbsp;allowing instant currency exchange as&nbsp;well as online banking<\/h2>\n<p class=\"ic-text-light uk-text-large\">A good choice &#8211;&nbsp;our platform allows instant currency exchange, at&nbsp;maximum security and&nbsp;minimal spread-associated costs\n<\/p>\n<ul class=\"ic-text-light uk-text-large\">\n<li>the best online currency exchange platform<\/li>\n<li>attractive exchange rates<\/li>\n<li>fast transfers, including international  transfers<\/li>\n<li>free creation and maintenance of currency portfolio <\/li>\n<li>secure exchange of 14 currencies online 24\/7<\/li>\n<li>expert advice<\/li>\n<\/ul>\n<\/div>\n<\/div>\n<div class=\"uk-container uk-container-center uk-text-center\">\n<h3 class=\"uk-margin-top\"><strong>Would you like to<\/strong> get to know <strong>more<\/strong> about our currency exchange platform?<br \/>\nGo to <strong>www.trejdoo.com<\/strong> or click below.<\/h3>\n<p><a href=\"http:\/\/www.trejdoo.com\" target=\"_blank\" class=\"uk-button uk-button-large uk-button-primary\" target=\"_blank\">Go to the website<\/a>\n<\/div>\n<p><!--\n\n\n<div class=\"uk-container uk-container-center\">\n\n\n<h4>Do\u015bwiadczenie<\/h4>\n\n\nPlatforma Trejdoo jest na rynku od 2012 roku. Dok\u0142adamy wszelkich stara\u0144, by oferowa\u0107 Klientom najwy\u017csz\u0105 jako\u015b\u0107 us\u0142ug dlatego nieustannie poszerzamy i rozwijamy nasz\u0105 ofert\u0119 wprowadzaj\u0105c innowacyjne produkty i us\u0142ugi finansowe.\n\n\n<h4>Internetowy kantor walutowy to b\u0142yskawiczna realizacja rozlicze\u0144 p\u0142atno\u015bci bezgot\u00f3wkowych<\/h4>\n\n\nKlienci Trejdoo mog\u0105 dokonywa\u0107 szybkich i bezpiecznych p\u0142atno\u015bci bezgot\u00f3wkowych dzi\u0119ki innowacyjnej platformie finansowej. Internetowy kantor walutowy daje mo\u017cliwo\u015b\u0107 wymiany waluty o ka\u017cdej porze, siedem dni w tygodniu. Ponadto system b\u0142yskawicznie realizuje przelewy i przekazy mi\u0119dzynarodowe zlecane przez Klient\u00f3w online 24\/7. Dodatkowo za pomoc\u0105 rachunku powierniczego escrow system umo\u017cliwia zawieranie transakcji walutowych z kontrahentami na ca\u0142ym \u015bwiecie.\n\n\n<h4>Dost\u0119p do innowacyjnych produkt\u00f3w i us\u0142ug online 24\/7<\/h4>\n\n\nU\u017cytkownicy mog\u0105 korzysta\u0107 z innowacyjnych produkt\u00f3w i us\u0142ug dost\u0119pnych na Trejdoo, takich jak: <a href=\"\/wymiana-walut\">elektroniczny kantor wymiany walut<\/a>, rachunki IBAN, b\u0142yskawiczne przekazy pieni\u0119\u017cne i przelewy mi\u0119dzynarodowe, konkurencyjne kursy walut online, rezerwacja kurs\u00f3w, rachunek powierniczy escrow oraz karty walutowe, online 24\/7. Wystarczy po\u0142\u0105czenie z Internetem, by zalogowa\u0107 si\u0119 do systemu - niezale\u017cnie od miejsca swojego pobytu oraz pory dnia lub nocy, zalogowany u\u017cytkownik mo\u017ce korzysta\u0107 z wybranej us\u0142ugi lub wybranego produktu.\n\n\n<h4>Do\u015bwiadczony zesp\u00f3\u0142 doradczy<\/h4>\n\n\nZesp\u00f3l doradczy Trejdoo oferuje opiek\u0119 profesjonalist\u00f3w, kt\u00f3rzy zawsze ch\u0119tnie s\u0142u\u017c\u0105 pomoc\u0105. Pomagaj\u0105 zar\u00f3wno klientom pocz\u0105tkuj\u0105cym w stawianiu pierwszych krok\u00f3w na platformie oraz zaawansowanym, negocjuj\u0105c najlepszy kurs wymiany danej waluty. Konsultanci ch\u0119tnie odpowiedz\u0105 na pytania zar\u00f3wno u\u017cytkownikom indywidualnym, jak i biznesowym. Infolinia czynna siedem dni w tygodniu umo\u017cliwia sta\u0142y kontakt z Zespo\u0142em Trejdoo.\n\n<\/div>\n\n\n--><\/p>\n","protected":false},"excerpt":{"rendered":"<p>Online currency exchange platform Explore Trejdoo.com The Trejdoo financial platform &#8211;&nbsp;allowing instant currency exchange as&nbsp;well as online banking A good choice &#8211;&nbsp;our platform allows instant currency exchange, at&nbsp;maximum security and&nbsp;minimal spread-associated costs the best online currency exchange platform attractive exchange rates fast transfers, including international transfers free creation and maintenance of currency portfolio secure exchange [&hellip;]<\/p>\n","protected":false},"author":1,"featured_media":0,"parent":0,"menu_order":0,"comment_status":"closed","ping_status":"closed","template":"page-no-header.php","meta":{"_monsterinsights_skip_tracking":false,"_monsterinsights_sitenote_active":false,"_monsterinsights_sitenote_note":"","_monsterinsights_sitenote_category":0,"footnotes":""},"class_list":["post-328","page","type-page","status-publish","hentry"],"yoast_head":"<!-- This site is optimized with the Yoast SEO plugin v26.8 - https:\/\/yoast.com\/product\/yoast-seo-wordpress\/ -->\n<title>Trejdoo - Igoria Trade S.A. EN<\/title>\n<meta name=\"robots\" content=\"index, follow, max-snippet:-1, max-image-preview:large, max-video-preview:-1\" \/>\n<link rel=\"canonical\" href=\"https:\/\/www.igoriatrade.com\/en\/trejdoo\/\" \/>\n<meta property=\"og:locale\" content=\"en_GB\" \/>\n<meta property=\"og:type\" content=\"article\" \/>\n<meta property=\"og:title\" content=\"Trejdoo - Igoria Trade S.A. EN\" \/>\n<meta property=\"og:description\" content=\"Online currency exchange platform Explore Trejdoo.com The Trejdoo financial platform &#8211;&nbsp;allowing instant currency exchange as&nbsp;well as online banking A good choice &#8211;&nbsp;our platform allows instant currency exchange, at&nbsp;maximum security and&nbsp;minimal spread-associated costs the best online currency exchange platform attractive exchange rates fast transfers, including international transfers free creation and maintenance of currency portfolio secure exchange [&hellip;]\" \/>\n<meta property=\"og:url\" content=\"https:\/\/www.igoriatrade.com\/en\/trejdoo\/\" \/>\n<meta property=\"og:site_name\" content=\"Igoria Trade S.A. EN\" \/>\n<meta property=\"article:publisher\" content=\"https:\/\/www.facebook.com\/igoriatrade\/\" \/>\n<meta property=\"article:modified_time\" content=\"2017-07-10T08:52:04+00:00\" \/>\n<meta name=\"twitter:card\" content=\"summary_large_image\" \/>\n<meta name=\"twitter:site\" content=\"@igoriatrade\" \/>\n<script type=\"application\/ld+json\" class=\"yoast-schema-graph\">{\"@context\":\"https:\/\/schema.org\",\"@graph\":[{\"@type\":\"WebPage\",\"@id\":\"https:\/\/www.igoriatrade.com\/en\/trejdoo\/\",\"url\":\"https:\/\/www.igoriatrade.com\/en\/trejdoo\/\",\"name\":\"Trejdoo - Igoria Trade S.A. EN\",\"isPartOf\":{\"@id\":\"https:\/\/www.igoriatrade.com\/en\/#website\"},\"datePublished\":\"2017-06-05T10:03:39+00:00\",\"dateModified\":\"2017-07-10T08:52:04+00:00\",\"breadcrumb\":{\"@id\":\"https:\/\/www.igoriatrade.com\/en\/trejdoo\/#breadcrumb\"},\"inLanguage\":\"en-GB\",\"potentialAction\":[{\"@type\":\"ReadAction\",\"target\":[\"https:\/\/www.igoriatrade.com\/en\/trejdoo\/\"]}]},{\"@type\":\"BreadcrumbList\",\"@id\":\"https:\/\/www.igoriatrade.com\/en\/trejdoo\/#breadcrumb\",\"itemListElement\":[{\"@type\":\"ListItem\",\"position\":1,\"name\":\"Strona g\u0142\u00f3wna\",\"item\":\"https:\/\/www.igoriatrade.com\/en\/\"},{\"@type\":\"ListItem\",\"position\":2,\"name\":\"Trejdoo\"}]},{\"@type\":\"WebSite\",\"@id\":\"https:\/\/www.igoriatrade.com\/en\/#website\",\"url\":\"https:\/\/www.igoriatrade.com\/en\/\",\"name\":\"Igoria Trade S.A. EN\",\"description\":\"\",\"potentialAction\":[{\"@type\":\"SearchAction\",\"target\":{\"@type\":\"EntryPoint\",\"urlTemplate\":\"https:\/\/www.igoriatrade.com\/en\/?s={search_term_string}\"},\"query-input\":{\"@type\":\"PropertyValueSpecification\",\"valueRequired\":true,\"valueName\":\"search_term_string\"}}],\"inLanguage\":\"en-GB\"}]}<\/script>\n<!-- \/ Yoast SEO plugin. -->","yoast_head_json":{"title":"Trejdoo - Igoria Trade S.A. EN","robots":{"index":"index","follow":"follow","max-snippet":"max-snippet:-1","max-image-preview":"max-image-preview:large","max-video-preview":"max-video-preview:-1"},"canonical":"https:\/\/www.igoriatrade.com\/en\/trejdoo\/","og_locale":"en_GB","og_type":"article","og_title":"Trejdoo - Igoria Trade S.A. EN","og_description":"Online currency exchange platform Explore Trejdoo.com The Trejdoo financial platform &#8211;&nbsp;allowing instant currency exchange as&nbsp;well as online banking A good choice &#8211;&nbsp;our platform allows instant currency exchange, at&nbsp;maximum security and&nbsp;minimal spread-associated costs the best online currency exchange platform attractive exchange rates fast transfers, including international transfers free creation and maintenance of currency portfolio secure exchange [&hellip;]","og_url":"https:\/\/www.igoriatrade.com\/en\/trejdoo\/","og_site_name":"Igoria Trade S.A. EN","article_publisher":"https:\/\/www.facebook.com\/igoriatrade\/","article_modified_time":"2017-07-10T08:52:04+00:00","twitter_card":"summary_large_image","twitter_site":"@igoriatrade","schema":{"@context":"https:\/\/schema.org","@graph":[{"@type":"WebPage","@id":"https:\/\/www.igoriatrade.com\/en\/trejdoo\/","url":"https:\/\/www.igoriatrade.com\/en\/trejdoo\/","name":"Trejdoo - Igoria Trade S.A. EN","isPartOf":{"@id":"https:\/\/www.igoriatrade.com\/en\/#website"},"datePublished":"2017-06-05T10:03:39+00:00","dateModified":"2017-07-10T08:52:04+00:00","breadcrumb":{"@id":"https:\/\/www.igoriatrade.com\/en\/trejdoo\/#breadcrumb"},"inLanguage":"en-GB","potentialAction":[{"@type":"ReadAction","target":["https:\/\/www.igoriatrade.com\/en\/trejdoo\/"]}]},{"@type":"BreadcrumbList","@id":"https:\/\/www.igoriatrade.com\/en\/trejdoo\/#breadcrumb","itemListElement":[{"@type":"ListItem","position":1,"name":"Strona g\u0142\u00f3wna","item":"https:\/\/www.igoriatrade.com\/en\/"},{"@type":"ListItem","position":2,"name":"Trejdoo"}]},{"@type":"WebSite","@id":"https:\/\/www.igoriatrade.com\/en\/#website","url":"https:\/\/www.igoriatrade.com\/en\/","name":"Igoria Trade S.A. EN","description":"","potentialAction":[{"@type":"SearchAction","target":{"@type":"EntryPoint","urlTemplate":"https:\/\/www.igoriatrade.com\/en\/?s={search_term_string}"},"query-input":{"@type":"PropertyValueSpecification","valueRequired":true,"valueName":"search_term_string"}}],"inLanguage":"en-GB"}]}},"_links":{"self":[{"href":"https:\/\/www.igoriatrade.com\/en\/wp-json\/wp\/v2\/pages\/328","targetHints":{"allow":["GET"]}}],"collection":[{"href":"https:\/\/www.igoriatrade.com\/en\/wp-json\/wp\/v2\/pages"}],"about":[{"href":"https:\/\/www.igoriatrade.com\/en\/wp-json\/wp\/v2\/types\/page"}],"author":[{"embeddable":true,"href":"https:\/\/www.igoriatrade.com\/en\/wp-json\/wp\/v2\/users\/1"}],"replies":[{"embeddable":true,"href":"https:\/\/www.igoriatrade.com\/en\/wp-json\/wp\/v2\/comments?post=328"}],"version-history":[{"count":4,"href":"https:\/\/www.igoriatrade.com\/en\/wp-json\/wp\/v2\/pages\/328\/revisions"}],"predecessor-version":[{"id":1303,"href":"https:\/\/www.igoriatrade.com\/en\/wp-json\/wp\/v2\/pages\/328\/revisions\/1303"}],"wp:attachment":[{"href":"https:\/\/www.igoriatrade.com\/en\/wp-json\/wp\/v2\/media?parent=328"}],"curies":[{"name":"wp","href":"https:\/\/api.w.org\/{rel}","templated":true}]}}