{"id":333,"date":"2017-06-05T12:04:02","date_gmt":"2017-06-05T10:04:02","guid":{"rendered":"http:\/\/beta.igoriatrade.com\/?page_id=333"},"modified":"2017-07-31T09:58:16","modified_gmt":"2017-07-31T07:58:16","slug":"igoriacard","status":"publish","type":"page","link":"https:\/\/www.igoriatrade.com\/en\/igoriacard\/","title":{"rendered":"IgoriaCard"},"content":{"rendered":"<div style=\"\n    position: relative;\n    top: -96px;\n    background-image: url(\/wp-content\/uploads\/2017\/06\/gory-dark.jpg);\n    padding-top: 96px;\n    background-size: cover;\n    \"><\/p>\n<div class=\"uk-contrast uk-container-center\" style=\"\nmax-width:600px;\nposition:relative;\ntop:-96px;\npadding-top:96px;\"><\/p>\n<div class=\"uk-container-center uk-margin-large-top\">\n  <img loading=\"lazy\" decoding=\"async\" src=\"\/wp-content\/uploads\/2017\/06\/biale-logo-igoriacard-lg.png\" alt=\"\" width=\"378\" height=\"94\" class=\"aligncenter size-full wp-image-651\">\n<\/div>\n<h3 class=\"uk-text-uppercase uk-text-bold uk-text-center uk-margin-large-top uk-margin-bottom-remove\">MULTICURRENCY PAYMENT&nbsp;CARD<br \/>\n<\/h3>\n<h3 class=\"uk-text-center ic-text-light uk-margin-top-remove uk-margin-large-bottom\">Convenience, savings and&nbsp;security<br \/>\n<\/h3>\n<div class=\"uk-margin-large-top uk-text-center\">\n  <a target=\"_blank\" href=\"http:\/\/www.igoriacard.com\" class=\"uk-button uk-button-large\">Explore IgoriaCard<\/a>\n<\/div>\n<div class=\"scroll-white uk-hidden-small uk-margin-large-bottom uk-margin-large-top\"><\/div>\n<\/div>\n<\/div>\n<div style=\"margin-top: -105px;\">\n<ul class=\"uk-list ic-text-color-black uk-text-large it-card uk-text-center uk-visible-large\">\n<li>17 currencies<br \/>on one card<\/li>\n<li>nominative<br \/>or&nbsp;nameless<\/li>\n<li>contactless<br \/>payments<br \/>(NFC)<\/li>\n<li>accepted<br \/>in millions of locations<br \/>all around the world<br \/>(POS and&nbsp;ATM)<\/li>\n<\/ul>\n<p>\u200b<picture><source srcset=\"\/wp-content\/uploads\/2017\/06\/karta-300x193.png\" media=\"(max-width: 959px)\"><img loading=\"lazy\" decoding=\"async\" width=\"660\" height=\"409\" src=\"\/wp-content\/uploads\/2017\/06\/karta-4k-e1498731379135.png\" alt=\"\" class=\"aligncenter size-full wp-image-716\" srcset=\"https:\/\/www.igoriatrade.com\/en\/wp-content\/uploads\/sites\/2\/2017\/06\/karta-4k-e1498731379135.png 660w, https:\/\/www.igoriatrade.com\/en\/wp-content\/uploads\/sites\/2\/2017\/06\/karta-4k-e1498731379135-300x186.png 300w\" sizes=\"auto, (max-width: 660px) 100vw, 660px\" \/>\n<\/picture>\n<\/div>\n<div class=\"uk-container uk-container-center\">\n<div class=\"uk-text-center\" style=\"color:rgb(3,156,211);\">\n<h1 class=\"uk-margin-bottom-remove uk-text-uppercase uk-text-primary\">17 <small>currencies on the&nbsp;card<\/small><\/h1>\n<h3 class=\"uk-margin-top-remove uk-text-primary\">AUD, BGN, CAD, CHF, CZK, DKK, EUR, GBP, HUF, NOK, ILS, PLN, RON, RUB, SEK, TRY and&nbsp;USD<\/h3>\n<\/div>\n<p><!--\n\n\n<ul class=\"uk-list uk-text-center uk-text-large\">\n\n\n<li>nominative or nameless card -&nbsp;plastic or&nbsp;virtual<\/li>\n\n \n\n\n<li>load a card by a bank transfer from more than 40 banks or with another card<\/li>\n\n\n\n\n<li>convenient cashless payments all over the world<\/li>\n\n\n\n\n<li>online and 24\/7 access to your funds\n<\/li>\n\n\n<\/ul>\n\n\n\n\n\n<div class=\"uk-text-center uk-margin-large-bottom uk-contrast\"><a class=\"uk-button uk-button-large\" style=\"background-color:rgb(3,154,211);\" href=\"https:\/\/www.igoriacard.com\">Buy card<\/a>\n<\/div>\n\n--><\/p>\n<\/div>\n<p><!--\n\n\n<div style=\"background-image: url(wp-content\/uploads\/2017\/06\/MOST.jpg);background-size:cover;background-position: 100%;\" class=\"ic-padding-large-top\">\n\n\n<div style=\"background: rgba(3,156,211,0);\nbackground: -moz-linear-gradient(top, rgba(3,156,211,0) 0%, rgba(3,156,211,0.5) 100%);\nbackground: -webkit-gradient(left top, left bottom, color-stop(0%, rgba(3,156,211,0)), color-stop(100%, rgba(3,156,211,0.5)));\nbackground: -webkit-linear-gradient(top, rgba(3,156,211,0) 0%, rgba(3,156,211,0.5) 100%);\nbackground: -o-linear-gradient(top, rgba(3,156,211,0) 0%, rgba(3,156,211,0.5) 100%);\nbackground: -ms-linear-gradient(top, rgba(3,156,211,0) 0%, rgba(3,156,211,0.5) 100%);\nbackground: linear-gradient(to bottom, rgba(3,156,211,0) 0%, rgba(3,156,211,0.5) 100%);\nfilter: progid:DXImageTransform.Microsoft.gradient( startColorstr='#039cd3', endColorstr='#039cd3', GradientType=0 );\nmax-width:600px;\" \nclass=\"uk-text-center uk-container-center ic-padding-bottom\">\n\n\n\n<div class=\"uk-margin-large-bottom\">\n<i class=\"uk-icon-globe ic-huge-icon uk-margin-remove ic-text-color-black uk-visible-small\"><\/i>\n\n\n<h4 class=\"uk-text-uppercase uk-text-bold uk-margin-bottom-remove\">Akceptowana<br \/>na&nbsp;ca\u0142ym \u015bwiecie<\/h4>\n\n\n\n\n<p class=\"uk-text-large uk-margin-top-remove\">w punktach oznaczonych<br \/>logo Mastercard<\/p>\n\n\n<\/div>\n\n\n\n\n\n<div class=\"uk-margin-large-bottom\">\n<i class=\"uk-icon-lock ic-huge-icon uk-margin-remove ic-text-color-black uk-visible-small\"><\/i>\n\n\n<h4 class=\"uk-text-uppercase uk-text-bold uk-margin-bottom-remove\">Bezpiecze\u0144stwo<\/h4>\n\n\n\n\n<p class=\"uk-text-large uk-margin-top-remove ic-text-color-black\">dost\u0119p do&nbsp;\u015brodk\u00f3w<br \/>online&nbsp;24\/7<\/p>\n\n\n<\/div>\n\n\n\n\n\n<div class=\"uk-margin-large-bottom\">\n<i class=\"uk-icon-plane ic-huge-icon uk-margin-remove ic-text-color-black uk-visible-small\"><\/i>\n\n\n<h4 class=\"uk-text-uppercase uk-text-bold uk-margin-bottom-remove\">Dla podr\u00f3\u017cuj\u0105cych<\/h4>\n\n\n\n\n<p class=\"uk-text-large uk-margin-top-remove ic-text-color-black\">ni\u017csze koszty wyjazdu do&nbsp;8%<br \/>brak ryzyka kursowego<\/p>\n\n\n<\/div>\n\n\n\n\n\n<div class=\"uk-margin-large-bottom\">\n<i class=\"uk-icon-exchange ic-huge-icon uk-margin-remove ic-text-color-black uk-visible-small\"><\/i>\n\n\n<h4 class=\"uk-text-uppercase uk-text-bold uk-margin-bottom-remove\">Kantor walutowy<\/h4>\n\n\n\n\n<p class=\"uk-text-large uk-margin-top-remove ic-text-color-black\">atrakcyjne kursy wymiany walut<br \/>wymiana online&nbsp;24\/7<\/p>\n\n\n<\/div>\n\n\n\n\n\n<div class=\"uk-margin-large-bottom\">\n<i class=\"uk-icon-briefcase ic-huge-icon uk-margin-remove ic-text-color-black uk-visible-small\"><\/i>\n\n\n<h4 class=\"uk-text-uppercase uk-text-bold uk-margin-bottom-remove\">Rozliczenia delegacji<\/h4>\n\n\n\n\n<p class=\"uk-text-large uk-margin-top-remove ic-text-color-black\">kontrola wydatk\u00f3w i&nbsp;raportowanie<br \/>do&nbsp;dzia\u0142u ksi\u0119gowo\u015bci<\/p>\n\n\n<\/div>\n\n\n\n<\/div>\n\n\n<\/div>\n\n\n--><\/p>\n<div style=\"max-width:600px;\" class=\"uk-text-center uk-container-center uk-margin-bottom uk-margin-top\">\n<h4 class=\"uk-margin-bottom-remove\">Would you like to <span class=\"ic-text-light\"get to&nbsp;know<\/span> more <span class=\"ic-text-light\">about our&nbsp;multicurrency card?<\/span><\/h4>\n<h4 class=\"uk-margin-top-remove\">Go to&nbsp;www.igoriacard.com <span class=\"ic-text-light\">or&nbsp;click below<\/span><\/h4>\n<\/div>\n<div class=\"uk-text-center uk-contrast\">\n<a target=\"_blank\" class=\"uk-button uk-button-large\" style=\"background-color:rgb(3,154,211);border:none;\" href=\"http:\/\/www.igoriacard.com\">Go to&nbsp;website<\/a>\n<\/div>\n","protected":false},"excerpt":{"rendered":"<p>MULTICURRENCY PAYMENT&nbsp;CARD Convenience, savings and&nbsp;security Explore IgoriaCard 17 currencieson one card nominativeor&nbsp;nameless contactlesspayments(NFC) acceptedin millions of locationsall around the world(POS and&nbsp;ATM) \u200b 17 currencies on the&nbsp;card AUD, BGN, CAD, CHF, CZK, DKK, EUR, GBP, HUF, NOK, ILS, PLN, RON, RUB, SEK, TRY and&nbsp;USD Would you like to<\/p>\n","protected":false},"author":1,"featured_media":0,"parent":0,"menu_order":0,"comment_status":"closed","ping_status":"closed","template":"page-no-header.php","meta":{"_monsterinsights_skip_tracking":false,"_monsterinsights_sitenote_active":false,"_monsterinsights_sitenote_note":"","_monsterinsights_sitenote_category":0,"footnotes":""},"class_list":["post-333","page","type-page","status-publish","hentry"],"yoast_head":"<!-- This site is optimized with the Yoast SEO plugin v26.8 - https:\/\/yoast.com\/product\/yoast-seo-wordpress\/ -->\n<title>IgoriaCard - Igoria Trade S.A. EN<\/title>\n<meta name=\"robots\" content=\"index, follow, max-snippet:-1, max-image-preview:large, max-video-preview:-1\" \/>\n<link rel=\"canonical\" href=\"https:\/\/www.igoriatrade.com\/en\/igoriacard\/\" \/>\n<meta property=\"og:locale\" content=\"en_GB\" \/>\n<meta property=\"og:type\" content=\"article\" \/>\n<meta property=\"og:title\" content=\"IgoriaCard - Igoria Trade S.A. EN\" \/>\n<meta property=\"og:description\" content=\"MULTICURRENCY PAYMENT&nbsp;CARD Convenience, savings and&nbsp;security Explore IgoriaCard 17 currencieson one card nominativeor&nbsp;nameless contactlesspayments(NFC) acceptedin millions of locationsall around the world(POS and&nbsp;ATM) \u200b 17 currencies on the&nbsp;card AUD, BGN, CAD, CHF, CZK, DKK, EUR, GBP, HUF, NOK, ILS, PLN, RON, RUB, SEK, TRY and&nbsp;USD Would you like to\" \/>\n<meta property=\"og:url\" content=\"https:\/\/www.igoriatrade.com\/en\/igoriacard\/\" \/>\n<meta property=\"og:site_name\" content=\"Igoria Trade S.A. EN\" \/>\n<meta property=\"article:publisher\" content=\"https:\/\/www.facebook.com\/igoriatrade\/\" \/>\n<meta property=\"article:modified_time\" content=\"2017-07-31T07:58:16+00:00\" \/>\n<meta name=\"twitter:card\" content=\"summary_large_image\" \/>\n<meta name=\"twitter:site\" content=\"@igoriatrade\" \/>\n<script type=\"application\/ld+json\" class=\"yoast-schema-graph\">{\"@context\":\"https:\/\/schema.org\",\"@graph\":[{\"@type\":\"WebPage\",\"@id\":\"https:\/\/www.igoriatrade.com\/en\/igoriacard\/\",\"url\":\"https:\/\/www.igoriatrade.com\/en\/igoriacard\/\",\"name\":\"IgoriaCard - Igoria Trade S.A. EN\",\"isPartOf\":{\"@id\":\"https:\/\/www.igoriatrade.com\/en\/#website\"},\"datePublished\":\"2017-06-05T10:04:02+00:00\",\"dateModified\":\"2017-07-31T07:58:16+00:00\",\"breadcrumb\":{\"@id\":\"https:\/\/www.igoriatrade.com\/en\/igoriacard\/#breadcrumb\"},\"inLanguage\":\"en-GB\",\"potentialAction\":[{\"@type\":\"ReadAction\",\"target\":[\"https:\/\/www.igoriatrade.com\/en\/igoriacard\/\"]}]},{\"@type\":\"BreadcrumbList\",\"@id\":\"https:\/\/www.igoriatrade.com\/en\/igoriacard\/#breadcrumb\",\"itemListElement\":[{\"@type\":\"ListItem\",\"position\":1,\"name\":\"Strona g\u0142\u00f3wna\",\"item\":\"https:\/\/www.igoriatrade.com\/en\/\"},{\"@type\":\"ListItem\",\"position\":2,\"name\":\"IgoriaCard\"}]},{\"@type\":\"WebSite\",\"@id\":\"https:\/\/www.igoriatrade.com\/en\/#website\",\"url\":\"https:\/\/www.igoriatrade.com\/en\/\",\"name\":\"Igoria Trade S.A. EN\",\"description\":\"\",\"potentialAction\":[{\"@type\":\"SearchAction\",\"target\":{\"@type\":\"EntryPoint\",\"urlTemplate\":\"https:\/\/www.igoriatrade.com\/en\/?s={search_term_string}\"},\"query-input\":{\"@type\":\"PropertyValueSpecification\",\"valueRequired\":true,\"valueName\":\"search_term_string\"}}],\"inLanguage\":\"en-GB\"}]}<\/script>\n<!-- \/ Yoast SEO plugin. -->","yoast_head_json":{"title":"IgoriaCard - Igoria Trade S.A. EN","robots":{"index":"index","follow":"follow","max-snippet":"max-snippet:-1","max-image-preview":"max-image-preview:large","max-video-preview":"max-video-preview:-1"},"canonical":"https:\/\/www.igoriatrade.com\/en\/igoriacard\/","og_locale":"en_GB","og_type":"article","og_title":"IgoriaCard - Igoria Trade S.A. EN","og_description":"MULTICURRENCY PAYMENT&nbsp;CARD Convenience, savings and&nbsp;security Explore IgoriaCard 17 currencieson one card nominativeor&nbsp;nameless contactlesspayments(NFC) acceptedin millions of locationsall around the world(POS and&nbsp;ATM) \u200b 17 currencies on the&nbsp;card AUD, BGN, CAD, CHF, CZK, DKK, EUR, GBP, HUF, NOK, ILS, PLN, RON, RUB, SEK, TRY and&nbsp;USD Would you like to","og_url":"https:\/\/www.igoriatrade.com\/en\/igoriacard\/","og_site_name":"Igoria Trade S.A. EN","article_publisher":"https:\/\/www.facebook.com\/igoriatrade\/","article_modified_time":"2017-07-31T07:58:16+00:00","twitter_card":"summary_large_image","twitter_site":"@igoriatrade","schema":{"@context":"https:\/\/schema.org","@graph":[{"@type":"WebPage","@id":"https:\/\/www.igoriatrade.com\/en\/igoriacard\/","url":"https:\/\/www.igoriatrade.com\/en\/igoriacard\/","name":"IgoriaCard - Igoria Trade S.A. EN","isPartOf":{"@id":"https:\/\/www.igoriatrade.com\/en\/#website"},"datePublished":"2017-06-05T10:04:02+00:00","dateModified":"2017-07-31T07:58:16+00:00","breadcrumb":{"@id":"https:\/\/www.igoriatrade.com\/en\/igoriacard\/#breadcrumb"},"inLanguage":"en-GB","potentialAction":[{"@type":"ReadAction","target":["https:\/\/www.igoriatrade.com\/en\/igoriacard\/"]}]},{"@type":"BreadcrumbList","@id":"https:\/\/www.igoriatrade.com\/en\/igoriacard\/#breadcrumb","itemListElement":[{"@type":"ListItem","position":1,"name":"Strona g\u0142\u00f3wna","item":"https:\/\/www.igoriatrade.com\/en\/"},{"@type":"ListItem","position":2,"name":"IgoriaCard"}]},{"@type":"WebSite","@id":"https:\/\/www.igoriatrade.com\/en\/#website","url":"https:\/\/www.igoriatrade.com\/en\/","name":"Igoria Trade S.A. EN","description":"","potentialAction":[{"@type":"SearchAction","target":{"@type":"EntryPoint","urlTemplate":"https:\/\/www.igoriatrade.com\/en\/?s={search_term_string}"},"query-input":{"@type":"PropertyValueSpecification","valueRequired":true,"valueName":"search_term_string"}}],"inLanguage":"en-GB"}]}},"_links":{"self":[{"href":"https:\/\/www.igoriatrade.com\/en\/wp-json\/wp\/v2\/pages\/333","targetHints":{"allow":["GET"]}}],"collection":[{"href":"https:\/\/www.igoriatrade.com\/en\/wp-json\/wp\/v2\/pages"}],"about":[{"href":"https:\/\/www.igoriatrade.com\/en\/wp-json\/wp\/v2\/types\/page"}],"author":[{"embeddable":true,"href":"https:\/\/www.igoriatrade.com\/en\/wp-json\/wp\/v2\/users\/1"}],"replies":[{"embeddable":true,"href":"https:\/\/www.igoriatrade.com\/en\/wp-json\/wp\/v2\/comments?post=333"}],"version-history":[{"count":5,"href":"https:\/\/www.igoriatrade.com\/en\/wp-json\/wp\/v2\/pages\/333\/revisions"}],"predecessor-version":[{"id":1378,"href":"https:\/\/www.igoriatrade.com\/en\/wp-json\/wp\/v2\/pages\/333\/revisions\/1378"}],"wp:attachment":[{"href":"https:\/\/www.igoriatrade.com\/en\/wp-json\/wp\/v2\/media?parent=333"}],"curies":[{"name":"wp","href":"https:\/\/api.w.org\/{rel}","templated":true}]}}