{"id":336,"date":"2017-06-05T12:04:56","date_gmt":"2017-06-05T10:04:56","guid":{"rendered":"http:\/\/beta.igoriatrade.com\/?page_id=336"},"modified":"2017-07-10T10:10:47","modified_gmt":"2017-07-10T08:10:47","slug":"klasomat","status":"publish","type":"page","link":"https:\/\/www.igoriatrade.com\/en\/klasomat\/","title":{"rendered":"Klasomat"},"content":{"rendered":"<div class=\"ic-padding-bottom\" style=\"\n    position: relative;\n    top: -96px;\n    background-image: url(\/wp-content\/uploads\/2017\/06\/glowna.jpg);\n    background-size: cover;\n    background-position: 50%;\n    padding-top: 200px;\"><br \/>\n <img loading=\"lazy\" decoding=\"async\" src=\"wp-content\/uploads\/2017\/06\/klasomat-logo-lg.png\" alt=\"\" width=\"433\" height=\"84\" class=\"aligncenter size-full wp-image-777\" srcset=\"https:\/\/www.igoriatrade.com\/en\/wp-content\/uploads\/sites\/2\/2017\/06\/klasomat-logo-lg.png 433w, https:\/\/www.igoriatrade.com\/en\/wp-content\/uploads\/sites\/2\/2017\/06\/klasomat-logo-lg-300x58.png 300w\" sizes=\"auto, (max-width: 433px) 100vw, 433px\" \/><\/p>\n<h2 class=\"uk-text-center uk-margin-top-remove uk-margin-large-bottom ic-text-light uk-contrast\">A virtual treasury<\/h2>\n<div class=\"uk-text-center uk-contrast\">\n <a target=\"_blank\" href=\"http:\/\/www.klasomat.pl\" class=\"uk-button uk-button-large\">Explore Klasomat<\/a>\n<\/div>\n<div class=\"scroll-white uk-hidden-small uk-margin-bottom uk-margin-large-top\"><\/div>\n<\/div>\n<p><!--Content--><\/p>\n<div class=\"uk-container uk-container-center\" style=\"margin-top: -96px;\">\n<!--\n \n\n<h4 class=\"ic-text-light uk-text-center\" style=\"border-bottom: solid 1px #bdbdbd;padding: 1em 0;margin: 0 6em;\">Klasomat u\u0142atwi Ci zbi\u00f3rk\u0119 pieni\u0119dzy na dowolny cel<\/h4>\n\n\n\n \n\n<div class=\"uk-grid uk-grid-width-medium-1-2 uk-margin-large\">\n  \n\n<div class=\"col-md-6 ic-text-light\">\n   \n\n<p>Jako skarbnik <strong>dodajesz grup\u0119<\/strong>, <strong>tworzysz sk\u0142adki<\/strong> i na bie\u017c\u0105co monitorujesz stan zebranych \u015brodk\u00f3w. System powiadomie\u0144 \npozwala na b\u0142yskawiczn\u0105 reakcj\u0119 i komunikacj\u0119 z uczestnikami grupy.<\/p>\n\n\n   \n\n<p>Jako uczestnik masz pe\u0142en wgl\u0105d online we <strong>wp\u0142aty i wydatki skarbnika<\/strong>. Klasomat zapewnia pe\u0142n\u0105 transparentno\u015b\u0107.<\/p>\n\n\n   \n\n<p>Klasomat zosta\u0142 stworzony dla wszystkich, kt\u00f3rzy ceni\u0105 <strong>czas<\/strong>, <strong>wygod\u0119<\/strong> i <strong>bezpiecze\u0144stwo<\/strong>.<\/p>\n\n\n  <\/div>\n\n\n  \n\n<div class=\"col-md-6\"><img decoding=\"async\" class=\"float-right\" alt=\"Klasomat jest czynny 24\/7 przez internet\" src=\"wp-content\/uploads\/2017\/06\/komp.jpg\"><\/div>\n\n\n <\/div>\n\n\n \n\n<hr\/>\n\n\n\n\n\n<h4 class=\"uk-text-bold uk-text-center\">Co oferujemy?<\/h4>\n\n\n \n\n<p class=\"uk-text-large uk-text-center\">Sprawd\u017a jakie mo\u017cliwo\u015bci daje Ci Klasomat<\/p>\n\n\n\n\n\n<div class=\"uk-grid uk-grid-width-medium-1-3 uk-grid-width-small-1-2 uk-text-center uk-margin-large-top\">\n\n\n<div class=\"uk-margin-large-bottom\">\n\n\n<div class=\"ic-padding\" style=\"border: 3px solid #437856;height: 265px;\"><i class=\"ic-text-color-black uk-icon-rocket ic-huge-icon\" aria-hidden=\"true\"><\/i>\n\n<h5 class=\"uk-text-bold\">Elastyczno\u015b\u0107<\/h5>\n\n\n\n\n<p class=\"ic-text-light\">Klasomat dopasowuje si\u0119 do Twoich potrzeb. Skarbnik ustala wysoko\u015b\u0107 sk\u0142adek, a Ty op\u0142acasz je kiedy chcesz.<\/p>\n\n\n<\/div>\n\n\n<\/div>\n\n\n\n\n<div class=\"uk-margin-large-bottom\">\n\n\n<div class=\"ic-padding\" style=\"border: 3px solid #437856;height: 265px;\"><i class=\"ic-text-color-black uk-icon-cubes ic-huge-icon\" aria-hidden=\"true\"><\/i>\n\n<h5 class=\"uk-text-bold\">\u0141atwo\u015b\u0107 w obs\u0142udze<\/h5>\n\n\n\n\n<p class=\"ic-text-light\">W pe\u0142ni intuicyjny system pozwala Ci na utworzenie grupy i dodanie nowych sk\u0142adek. Komunikacja z uczestnikami grupy nigdy nie by\u0142a prostsza!<\/p>\n\n\n<\/div>\n\n\n<\/div>\n\n\n\n\n<div class=\"uk-margin-large-bottom\">\n\n\n<div class=\"ic-padding\" style=\"border: 3px solid #437856;height: 265px;\"><i class=\"ic-text-color-black uk-icon-users ic-huge-icon\" aria-hidden=\"true\"><\/i>\n\n<h5 class=\"uk-text-bold\">Dla wszystkich<\/h5>\n\n\n\n\n<p class=\"ic-text-light\">Dla rodzic\u00f3w, dla uczni\u00f3w, dla student\u00f3w, dla wszystkich \u2013 organizuj sk\u0142adki na wycieczki, wyjazdy, kino lub urodziny.<\/p>\n\n\n<\/div>\n\n\n<\/div>\n\n\n\n\n<div class=\"uk-margin-large-bottom\">\n\n\n<div class=\"ic-padding\" style=\"border: 3px solid #437856;height: 265px;\"><i class=\"ic-text-color-black uk-icon-android ic-huge-icon\" aria-hidden=\"true\"><\/i>\n\n<h5 class=\"uk-text-bold\">Mobilno\u015b\u0107<\/h5>\n\n\n\n\n<p class=\"ic-text-light\">Korzystaj z aplikacji mobilnej Klasomatu gdziekolwiek jeste\u015b online 24\/7.<\/p>\n\n\n<\/div>\n\n\n<\/div>\n\n\n\n\n<div class=\"uk-margin-large-bottom\">\n\n\n<div class=\"ic-padding\" style=\"border: 3px solid #437856;height: 265px;\"><i class=\"ic-text-color-black uk-icon-hourglass-half ic-huge-icon\" aria-hidden=\"true\"><\/i>\n\n<h5 class=\"uk-text-bold\">Oszcz\u0119dno\u015b\u0107 czasu<\/h5>\n\n\n\n\n<p class=\"ic-text-light\">Cenimy Tw\u00f3j czas \u2013 zaloguj si\u0119 do Klasomatu i b\u0142yskawicznie zbieraj i op\u0142acaj sk\u0142adki.<\/p>\n\n\n<\/div>\n\n\n<\/div>\n\n\n\n\n<div class=\"uk-margin-large-bottom\">\n\n\n<div class=\"ic-padding\" style=\"border: 3px solid #437856;height: 265px;\"><i class=\"ic-text-color-black uk-icon-shield ic-huge-icon\" aria-hidden=\"true\"><\/i>\n\n<h5 class=\"uk-text-bold\">Bezpiecze\u0144stwo<\/h5>\n\n\n\n\n<p class=\"ic-text-light\">Bezpiecze\u0144stwo Twoich \u015brodk\u00f3w gwarantuje Igoria Trade S.A. Instytucja P\u0142atnicza, kt\u00f3ra jest nadzorowana przez Komisj\u0119 Nadzoru Finansowego (KNF).<\/p>\n\n\n<\/div>\n\n\n<\/div>\n\n\n<\/div>\n\n\n--><\/p>\n<h4 class=\"uk-text-center ic-text-light uk-margin-large-top uk-margin-large-bottom\">The Klasomat is a revolutionary system for the collection, record, and contribution of funds for any purpose. This intuitive billing system is ideal for educational institutions as well as any third parties that might work with them.<\/h4>\n<h3 class=\"uk-text-center uk-margin-bottom-remove\">Would you like to get to know more about Klasomat? <\/h3>\n<h3 class=\"uk-text-center uk-margin-top-remove\">Go to www.klasomat.pl or click below.<\/h3>\n<div class=\"uk-text-center\"><a target=\"_blank\" href=\"http:\/\/www.klasomat.pl\" class=\"uk-button uk-button-large\" style=\"border:none;color:white;background-color:#6eaf21;\">Do to website<\/a><\/div>\n<\/div>\n","protected":false},"excerpt":{"rendered":"<p>A virtual treasury Explore Klasomat The Klasomat is a revolutionary system for the collection, record, and contribution of funds for any purpose. This intuitive billing system is ideal for educational institutions as well as any third parties that might work with them. Would you like to get to know more about Klasomat? Go to www.klasomat.pl [&hellip;]<\/p>\n","protected":false},"author":1,"featured_media":0,"parent":0,"menu_order":0,"comment_status":"closed","ping_status":"closed","template":"page-no-header.php","meta":{"_monsterinsights_skip_tracking":false,"_monsterinsights_sitenote_active":false,"_monsterinsights_sitenote_note":"","_monsterinsights_sitenote_category":0,"footnotes":""},"class_list":["post-336","page","type-page","status-publish","hentry"],"yoast_head":"<!-- This site is optimized with the Yoast SEO plugin v26.8 - https:\/\/yoast.com\/product\/yoast-seo-wordpress\/ -->\n<title>Klasomat - Igoria Trade S.A. EN<\/title>\n<meta name=\"robots\" content=\"index, follow, max-snippet:-1, max-image-preview:large, max-video-preview:-1\" \/>\n<link rel=\"canonical\" href=\"https:\/\/www.igoriatrade.com\/en\/klasomat\/\" \/>\n<meta property=\"og:locale\" content=\"en_GB\" \/>\n<meta property=\"og:type\" content=\"article\" \/>\n<meta property=\"og:title\" content=\"Klasomat - Igoria Trade S.A. EN\" \/>\n<meta property=\"og:description\" content=\"A virtual treasury Explore Klasomat The Klasomat is a revolutionary system for the collection, record, and contribution of funds for any purpose. This intuitive billing system is ideal for educational institutions as well as any third parties that might work with them. Would you like to get to know more about Klasomat? Go to www.klasomat.pl [&hellip;]\" \/>\n<meta property=\"og:url\" content=\"https:\/\/www.igoriatrade.com\/en\/klasomat\/\" \/>\n<meta property=\"og:site_name\" content=\"Igoria Trade S.A. EN\" \/>\n<meta property=\"article:publisher\" content=\"https:\/\/www.facebook.com\/igoriatrade\/\" \/>\n<meta property=\"article:modified_time\" content=\"2017-07-10T08:10:47+00:00\" \/>\n<meta name=\"twitter:card\" content=\"summary_large_image\" \/>\n<meta name=\"twitter:site\" content=\"@igoriatrade\" \/>\n<script type=\"application\/ld+json\" class=\"yoast-schema-graph\">{\"@context\":\"https:\/\/schema.org\",\"@graph\":[{\"@type\":\"WebPage\",\"@id\":\"https:\/\/www.igoriatrade.com\/en\/klasomat\/\",\"url\":\"https:\/\/www.igoriatrade.com\/en\/klasomat\/\",\"name\":\"Klasomat - Igoria Trade S.A. EN\",\"isPartOf\":{\"@id\":\"https:\/\/www.igoriatrade.com\/en\/#website\"},\"datePublished\":\"2017-06-05T10:04:56+00:00\",\"dateModified\":\"2017-07-10T08:10:47+00:00\",\"breadcrumb\":{\"@id\":\"https:\/\/www.igoriatrade.com\/en\/klasomat\/#breadcrumb\"},\"inLanguage\":\"en-GB\",\"potentialAction\":[{\"@type\":\"ReadAction\",\"target\":[\"https:\/\/www.igoriatrade.com\/en\/klasomat\/\"]}]},{\"@type\":\"BreadcrumbList\",\"@id\":\"https:\/\/www.igoriatrade.com\/en\/klasomat\/#breadcrumb\",\"itemListElement\":[{\"@type\":\"ListItem\",\"position\":1,\"name\":\"Strona g\u0142\u00f3wna\",\"item\":\"https:\/\/www.igoriatrade.com\/en\/\"},{\"@type\":\"ListItem\",\"position\":2,\"name\":\"Klasomat\"}]},{\"@type\":\"WebSite\",\"@id\":\"https:\/\/www.igoriatrade.com\/en\/#website\",\"url\":\"https:\/\/www.igoriatrade.com\/en\/\",\"name\":\"Igoria Trade S.A. EN\",\"description\":\"\",\"potentialAction\":[{\"@type\":\"SearchAction\",\"target\":{\"@type\":\"EntryPoint\",\"urlTemplate\":\"https:\/\/www.igoriatrade.com\/en\/?s={search_term_string}\"},\"query-input\":{\"@type\":\"PropertyValueSpecification\",\"valueRequired\":true,\"valueName\":\"search_term_string\"}}],\"inLanguage\":\"en-GB\"}]}<\/script>\n<!-- \/ Yoast SEO plugin. -->","yoast_head_json":{"title":"Klasomat - Igoria Trade S.A. EN","robots":{"index":"index","follow":"follow","max-snippet":"max-snippet:-1","max-image-preview":"max-image-preview:large","max-video-preview":"max-video-preview:-1"},"canonical":"https:\/\/www.igoriatrade.com\/en\/klasomat\/","og_locale":"en_GB","og_type":"article","og_title":"Klasomat - Igoria Trade S.A. EN","og_description":"A virtual treasury Explore Klasomat The Klasomat is a revolutionary system for the collection, record, and contribution of funds for any purpose. This intuitive billing system is ideal for educational institutions as well as any third parties that might work with them. Would you like to get to know more about Klasomat? Go to www.klasomat.pl [&hellip;]","og_url":"https:\/\/www.igoriatrade.com\/en\/klasomat\/","og_site_name":"Igoria Trade S.A. EN","article_publisher":"https:\/\/www.facebook.com\/igoriatrade\/","article_modified_time":"2017-07-10T08:10:47+00:00","twitter_card":"summary_large_image","twitter_site":"@igoriatrade","schema":{"@context":"https:\/\/schema.org","@graph":[{"@type":"WebPage","@id":"https:\/\/www.igoriatrade.com\/en\/klasomat\/","url":"https:\/\/www.igoriatrade.com\/en\/klasomat\/","name":"Klasomat - Igoria Trade S.A. EN","isPartOf":{"@id":"https:\/\/www.igoriatrade.com\/en\/#website"},"datePublished":"2017-06-05T10:04:56+00:00","dateModified":"2017-07-10T08:10:47+00:00","breadcrumb":{"@id":"https:\/\/www.igoriatrade.com\/en\/klasomat\/#breadcrumb"},"inLanguage":"en-GB","potentialAction":[{"@type":"ReadAction","target":["https:\/\/www.igoriatrade.com\/en\/klasomat\/"]}]},{"@type":"BreadcrumbList","@id":"https:\/\/www.igoriatrade.com\/en\/klasomat\/#breadcrumb","itemListElement":[{"@type":"ListItem","position":1,"name":"Strona g\u0142\u00f3wna","item":"https:\/\/www.igoriatrade.com\/en\/"},{"@type":"ListItem","position":2,"name":"Klasomat"}]},{"@type":"WebSite","@id":"https:\/\/www.igoriatrade.com\/en\/#website","url":"https:\/\/www.igoriatrade.com\/en\/","name":"Igoria Trade S.A. EN","description":"","potentialAction":[{"@type":"SearchAction","target":{"@type":"EntryPoint","urlTemplate":"https:\/\/www.igoriatrade.com\/en\/?s={search_term_string}"},"query-input":{"@type":"PropertyValueSpecification","valueRequired":true,"valueName":"search_term_string"}}],"inLanguage":"en-GB"}]}},"_links":{"self":[{"href":"https:\/\/www.igoriatrade.com\/en\/wp-json\/wp\/v2\/pages\/336","targetHints":{"allow":["GET"]}}],"collection":[{"href":"https:\/\/www.igoriatrade.com\/en\/wp-json\/wp\/v2\/pages"}],"about":[{"href":"https:\/\/www.igoriatrade.com\/en\/wp-json\/wp\/v2\/types\/page"}],"author":[{"embeddable":true,"href":"https:\/\/www.igoriatrade.com\/en\/wp-json\/wp\/v2\/users\/1"}],"replies":[{"embeddable":true,"href":"https:\/\/www.igoriatrade.com\/en\/wp-json\/wp\/v2\/comments?post=336"}],"version-history":[{"count":8,"href":"https:\/\/www.igoriatrade.com\/en\/wp-json\/wp\/v2\/pages\/336\/revisions"}],"predecessor-version":[{"id":1298,"href":"https:\/\/www.igoriatrade.com\/en\/wp-json\/wp\/v2\/pages\/336\/revisions\/1298"}],"wp:attachment":[{"href":"https:\/\/www.igoriatrade.com\/en\/wp-json\/wp\/v2\/media?parent=336"}],"curies":[{"name":"wp","href":"https:\/\/api.w.org\/{rel}","templated":true}]}}